{"id":178,"date":"2021-02-11T15:39:37","date_gmt":"2021-02-11T15:39:37","guid":{"rendered":"https:\/\/ativo.vamtam.com\/?page_id=178"},"modified":"2023-05-01T16:19:14","modified_gmt":"2023-05-01T13:19:14","slug":"blog","status":"publish","type":"page","link":"https:\/\/www.mayaakademisi.com\/index.php\/blog\/","title":{"rendered":"Blog"},"content":{"rendered":"\t\t<div data-elementor-type=\"wp-page\" data-elementor-id=\"178\" class=\"elementor elementor-178\" data-elementor-settings=\"{&quot;ha_cmc_init_switcher&quot;:&quot;no&quot;}\" data-elementor-post-type=\"page\">\n\t\t\t\t\t\t<section class=\"elementor-section elementor-top-section elementor-element elementor-element-2c642ad elementor-section-boxed elementor-section-height-default elementor-section-height-default\" data-id=\"2c642ad\" data-element_type=\"section\" data-settings=\"{&quot;_ha_eqh_enable&quot;:false}\">\n\t\t\t\t\t\t<div class=\"elementor-container elementor-column-gap-no\">\n\t\t\t\t\t<div class=\"elementor-column elementor-col-100 elementor-top-column elementor-element elementor-element-924bcd8\" data-id=\"924bcd8\" data-element_type=\"column\">\n\t\t\t<div class=\"elementor-widget-wrap elementor-element-populated\">\n\t\t\t\t\t\t\t<\/div>\n\t\t<\/div>\n\t\t\t\t\t<\/div>\n\t\t<\/section>\n\t\t\t\t<section class=\"elementor-section elementor-top-section elementor-element elementor-element-3f12900e elementor-section-boxed elementor-section-height-default elementor-section-height-default\" data-id=\"3f12900e\" data-element_type=\"section\" data-settings=\"{&quot;_ha_eqh_enable&quot;:false}\">\n\t\t\t\t\t\t<div class=\"elementor-container elementor-column-gap-no\">\n\t\t\t\t\t<div class=\"elementor-column elementor-col-100 elementor-top-column elementor-element elementor-element-487c86fa\" data-id=\"487c86fa\" data-element_type=\"column\">\n\t\t\t<div class=\"elementor-widget-wrap elementor-element-populated\">\n\t\t\t\t\t\t<div class=\"vamtam-has-theme-widget-styles elementor-element elementor-element-7d12af0b elementor-grid-3 elementor-grid-tablet-2 elementor-grid-mobile-1 elementor-posts--thumbnail-top elementor-card-shadow-yes elementor-posts__hover-gradient elementor-widget elementor-widget-posts\" data-id=\"7d12af0b\" data-element_type=\"widget\" data-settings=\"{&quot;pagination_type&quot;:&quot;numbers_and_prev_next&quot;,&quot;cards_row_gap_mobile&quot;:{&quot;unit&quot;:&quot;px&quot;,&quot;size&quot;:100,&quot;sizes&quot;:[]},&quot;cards_columns&quot;:&quot;3&quot;,&quot;cards_columns_tablet&quot;:&quot;2&quot;,&quot;cards_columns_mobile&quot;:&quot;1&quot;,&quot;cards_row_gap&quot;:{&quot;unit&quot;:&quot;px&quot;,&quot;size&quot;:35,&quot;sizes&quot;:[]},&quot;cards_row_gap_tablet&quot;:{&quot;unit&quot;:&quot;px&quot;,&quot;size&quot;:&quot;&quot;,&quot;sizes&quot;:[]}}\" data-widget_type=\"posts.cards\">\n\t\t\t\t<div class=\"elementor-widget-container\">\n\t\t\t\t\t\t\t<div class=\"elementor-posts-container elementor-posts elementor-posts--skin-cards elementor-grid\" role=\"list\">\n\t\t\t\t<article class=\"elementor-post elementor-grid-item post-988663 post type-post status-publish format-standard has-post-thumbnail hentry category-genel\" role=\"listitem\">\n\t\t\t<div class=\"elementor-post__card\">\n\t\t\t\t<a class=\"elementor-post__thumbnail__link\" href=\"https:\/\/www.mayaakademisi.com\/index.php\/2023\/07\/18\/mavinin-sesi-ile-maya-takvimi-rehberligi-yeni-ay-3-isik-bicak\/\" tabindex=\"-1\" ><div class=\"elementor-post__thumbnail\"><img fetchpriority=\"high\" decoding=\"async\" width=\"300\" height=\"300\" src=\"https:\/\/www.mayaakademisi.com\/wp-content\/uploads\/2023\/07\/WhatsApp-Image-2023-07-17-at-08.17.48-300x300.jpeg\" class=\"attachment-medium size-medium wp-image-988665\" alt=\"\" srcset=\"https:\/\/www.mayaakademisi.com\/wp-content\/uploads\/2023\/07\/WhatsApp-Image-2023-07-17-at-08.17.48-300x300.jpeg 300w, https:\/\/www.mayaakademisi.com\/wp-content\/uploads\/2023\/07\/WhatsApp-Image-2023-07-17-at-08.17.48-1024x1024.jpeg 1024w, https:\/\/www.mayaakademisi.com\/wp-content\/uploads\/2023\/07\/WhatsApp-Image-2023-07-17-at-08.17.48-150x150.jpeg 150w, https:\/\/www.mayaakademisi.com\/wp-content\/uploads\/2023\/07\/WhatsApp-Image-2023-07-17-at-08.17.48-768x768.jpeg 768w, https:\/\/www.mayaakademisi.com\/wp-content\/uploads\/2023\/07\/WhatsApp-Image-2023-07-17-at-08.17.48.jpeg 1080w\" sizes=\"(max-width: 300px) 100vw, 300px\" \/><\/div><\/a>\n\t\t\t\t<div class=\"elementor-post__text\">\n\t\t\t\t<h6 class=\"elementor-post__title\">\n\t\t\t<a href=\"https:\/\/www.mayaakademisi.com\/index.php\/2023\/07\/18\/mavinin-sesi-ile-maya-takvimi-rehberligi-yeni-ay-3-isik-bicak\/\" >\n\t\t\t\tMavi\u2019nin Sesi ile Maya Takvimi Rehberli\u011fi G\u00f6\u011f\u00fcn Mayas\u0131\t\t\t<\/a>\n\t\t<\/h6>\n\t\t\t\t<div class=\"elementor-post__excerpt\">\n\t\t\t<p>G\u00f6\u011f\u00fcn Mayas\u0131 Yeni ay ile ta\u00e7lan\u0131rken kadim maya takvimi 3 I\u015f\u0131k\u2019ta gelip duruyor. Ve diyor ki ; nerelerde b\u0131\u00e7ak gibi kesiliyor yolun? Peki ya o<\/p>\n\t\t<\/div>\n\t\t\n\t\t<a class=\"elementor-post__read-more\" href=\"https:\/\/www.mayaakademisi.com\/index.php\/2023\/07\/18\/mavinin-sesi-ile-maya-takvimi-rehberligi-yeni-ay-3-isik-bicak\/\" aria-label=\"Read more about Mavi\u2019nin Sesi ile Maya Takvimi Rehberli\u011fi G\u00f6\u011f\u00fcn Mayas\u0131\" tabindex=\"-1\" >\n\t\t\tDevam\u0131n\u0131 Okuyun \u00bb\t\t<\/a>\n\n\t\t\t\t<\/div>\n\t\t\t\t<div class=\"elementor-post__meta-data\">\n\t\t\t\t\t<span class=\"elementor-post-date\">\n\t\t\t18 Temmuz 2023\t\t<\/span>\n\t\t\t\t<span class=\"elementor-post-avatar\">\n\t\t\tYorum yap\u0131lmam\u0131\u015f\t\t<\/span>\n\t\t\t\t<\/div>\n\t\t\t\t\t<\/div>\n\t\t<\/article>\n\t\t\t\t<article class=\"elementor-post elementor-grid-item post-988656 post type-post status-publish format-standard has-post-thumbnail hentry category-genel\" role=\"listitem\">\n\t\t\t<div class=\"elementor-post__card\">\n\t\t\t\t<a class=\"elementor-post__thumbnail__link\" href=\"https:\/\/www.mayaakademisi.com\/index.php\/2023\/07\/18\/mavinin-sesi-ile-maya-takvimi-rehberligi-bicak-donemi\/\" tabindex=\"-1\" ><div class=\"elementor-post__thumbnail\"><img decoding=\"async\" width=\"300\" height=\"300\" src=\"https:\/\/www.mayaakademisi.com\/wp-content\/uploads\/2023\/07\/WhatsApp-Image-2023-07-17-at-08.18.59-300x300.jpeg\" class=\"attachment-medium size-medium wp-image-988658\" alt=\"\" srcset=\"https:\/\/www.mayaakademisi.com\/wp-content\/uploads\/2023\/07\/WhatsApp-Image-2023-07-17-at-08.18.59-300x300.jpeg 300w, https:\/\/www.mayaakademisi.com\/wp-content\/uploads\/2023\/07\/WhatsApp-Image-2023-07-17-at-08.18.59-150x150.jpeg 150w, https:\/\/www.mayaakademisi.com\/wp-content\/uploads\/2023\/07\/WhatsApp-Image-2023-07-17-at-08.18.59.jpeg 540w\" sizes=\"(max-width: 300px) 100vw, 300px\" \/><\/div><\/a>\n\t\t\t\t<div class=\"elementor-post__text\">\n\t\t\t\t<h6 class=\"elementor-post__title\">\n\t\t\t<a href=\"https:\/\/www.mayaakademisi.com\/index.php\/2023\/07\/18\/mavinin-sesi-ile-maya-takvimi-rehberligi-bicak-donemi\/\" >\n\t\t\t\tMavi\u2019nin Sesi ile Maya Takvimi Rehberli\u011fi BI\u00c7AK D\u00d6NEM\u0130\t\t\t<\/a>\n\t\t<\/h6>\n\t\t\t\t<div class=\"elementor-post__excerpt\">\n\t\t\t<p>Bir kelebe\u011fin yolculu\u011funda onun yolunu kolayla\u015ft\u0131rmak ad\u0131na kozas\u0131na a\u00e7aca\u011f\u0131m\u0131z bir kesik \u00f6l\u00fcm\u00fcne , vadesi dolmu\u015f bir kozaya a\u00e7\u0131lan bir kesik ise ya\u015fama sebep olabilir. Kadim<\/p>\n\t\t<\/div>\n\t\t\n\t\t<a class=\"elementor-post__read-more\" href=\"https:\/\/www.mayaakademisi.com\/index.php\/2023\/07\/18\/mavinin-sesi-ile-maya-takvimi-rehberligi-bicak-donemi\/\" aria-label=\"Read more about Mavi\u2019nin Sesi ile Maya Takvimi Rehberli\u011fi BI\u00c7AK D\u00d6NEM\u0130\" tabindex=\"-1\" >\n\t\t\tDevam\u0131n\u0131 Okuyun \u00bb\t\t<\/a>\n\n\t\t\t\t<\/div>\n\t\t\t\t<div class=\"elementor-post__meta-data\">\n\t\t\t\t\t<span class=\"elementor-post-date\">\n\t\t\t18 Temmuz 2023\t\t<\/span>\n\t\t\t\t<span class=\"elementor-post-avatar\">\n\t\t\tYorum yap\u0131lmam\u0131\u015f\t\t<\/span>\n\t\t\t\t<\/div>\n\t\t\t\t\t<\/div>\n\t\t<\/article>\n\t\t\t\t<article class=\"elementor-post elementor-grid-item post-988649 post type-post status-publish format-standard has-post-thumbnail hentry category-genel\" role=\"listitem\">\n\t\t\t<div class=\"elementor-post__card\">\n\t\t\t\t<a class=\"elementor-post__thumbnail__link\" href=\"https:\/\/www.mayaakademisi.com\/index.php\/2023\/07\/18\/mayasinda-ne-var-mevlana-celaleddin-rumi-13-toprak-yilan\/\" tabindex=\"-1\" ><div class=\"elementor-post__thumbnail\"><img decoding=\"async\" width=\"300\" height=\"300\" src=\"https:\/\/www.mayaakademisi.com\/wp-content\/uploads\/2023\/07\/WhatsApp-Image-2023-07-17-at-08.19.35-300x300.jpeg\" class=\"attachment-medium size-medium wp-image-988651\" alt=\"\" srcset=\"https:\/\/www.mayaakademisi.com\/wp-content\/uploads\/2023\/07\/WhatsApp-Image-2023-07-17-at-08.19.35-300x300.jpeg 300w, https:\/\/www.mayaakademisi.com\/wp-content\/uploads\/2023\/07\/WhatsApp-Image-2023-07-17-at-08.19.35-150x150.jpeg 150w, https:\/\/www.mayaakademisi.com\/wp-content\/uploads\/2023\/07\/WhatsApp-Image-2023-07-17-at-08.19.35.jpeg 500w\" sizes=\"(max-width: 300px) 100vw, 300px\" \/><\/div><\/a>\n\t\t\t\t<div class=\"elementor-post__text\">\n\t\t\t\t<h6 class=\"elementor-post__title\">\n\t\t\t<a href=\"https:\/\/www.mayaakademisi.com\/index.php\/2023\/07\/18\/mayasinda-ne-var-mevlana-celaleddin-rumi-13-toprak-yilan\/\" >\n\t\t\t\tMayas\u0131nda Ne Var? Mevlana Celaleddin Rumi 13 Toprak &#8211; Y\u0131lan\t\t\t<\/a>\n\t\t<\/h6>\n\t\t\t\t<div class=\"elementor-post__excerpt\">\n\t\t\t<p>Kadim Maya Takvimine g\u00f6re bug\u00fcn sevgili Mevlana\u2019n\u0131n do\u011fum vakti. 13 Toprak olarak bu d\u00fcnyaya gelen Mevlana, haritas\u0131 a\u00e7\u0131s\u0131ndan da bize bir \u00e7ok \u015fey s\u00f6yl\u00fcyor. 13<\/p>\n\t\t<\/div>\n\t\t\n\t\t<a class=\"elementor-post__read-more\" href=\"https:\/\/www.mayaakademisi.com\/index.php\/2023\/07\/18\/mayasinda-ne-var-mevlana-celaleddin-rumi-13-toprak-yilan\/\" aria-label=\"Read more about Mayas\u0131nda Ne Var? Mevlana Celaleddin Rumi 13 Toprak &#8211; Y\u0131lan\" tabindex=\"-1\" >\n\t\t\tDevam\u0131n\u0131 Okuyun \u00bb\t\t<\/a>\n\n\t\t\t\t<\/div>\n\t\t\t\t<div class=\"elementor-post__meta-data\">\n\t\t\t\t\t<span class=\"elementor-post-date\">\n\t\t\t18 Temmuz 2023\t\t<\/span>\n\t\t\t\t<span class=\"elementor-post-avatar\">\n\t\t\tYorum yap\u0131lmam\u0131\u015f\t\t<\/span>\n\t\t\t\t<\/div>\n\t\t\t\t\t<\/div>\n\t\t<\/article>\n\t\t\t\t<article class=\"elementor-post elementor-grid-item post-988631 post type-post status-publish format-standard has-post-thumbnail hentry category-genel\" role=\"listitem\">\n\t\t\t<div class=\"elementor-post__card\">\n\t\t\t\t<a class=\"elementor-post__thumbnail__link\" href=\"https:\/\/www.mayaakademisi.com\/index.php\/2023\/07\/10\/herkul-miti-uzerinden-maya-haritasi-okuma-ornegi\/\" tabindex=\"-1\" ><div class=\"elementor-post__thumbnail\"><img loading=\"lazy\" decoding=\"async\" width=\"300\" height=\"300\" src=\"https:\/\/www.mayaakademisi.com\/wp-content\/uploads\/2023\/07\/WhatsApp-Image-2023-07-10-at-12.23.13-300x300.jpeg\" class=\"attachment-medium size-medium wp-image-988633\" alt=\"HERK\u00dcL M\u0130T\u0130\" srcset=\"https:\/\/www.mayaakademisi.com\/wp-content\/uploads\/2023\/07\/WhatsApp-Image-2023-07-10-at-12.23.13-300x300.jpeg 300w, https:\/\/www.mayaakademisi.com\/wp-content\/uploads\/2023\/07\/WhatsApp-Image-2023-07-10-at-12.23.13-1024x1024.jpeg 1024w, https:\/\/www.mayaakademisi.com\/wp-content\/uploads\/2023\/07\/WhatsApp-Image-2023-07-10-at-12.23.13-150x150.jpeg 150w, https:\/\/www.mayaakademisi.com\/wp-content\/uploads\/2023\/07\/WhatsApp-Image-2023-07-10-at-12.23.13-768x768.jpeg 768w, https:\/\/www.mayaakademisi.com\/wp-content\/uploads\/2023\/07\/WhatsApp-Image-2023-07-10-at-12.23.13.jpeg 1080w\" sizes=\"(max-width: 300px) 100vw, 300px\" \/><\/div><\/a>\n\t\t\t\t<div class=\"elementor-post__text\">\n\t\t\t\t<h6 class=\"elementor-post__title\">\n\t\t\t<a href=\"https:\/\/www.mayaakademisi.com\/index.php\/2023\/07\/10\/herkul-miti-uzerinden-maya-haritasi-okuma-ornegi\/\" >\n\t\t\t\tHERK\u00dcL M\u0130T\u0130 \u00dcZER\u0130NDEN MAYA HAR\u0130TASI OKUMA \u00d6RNE\u011e\u0130\t\t\t<\/a>\n\t\t<\/h6>\n\t\t\t\t<div class=\"elementor-post__excerpt\">\n\t\t\t\t\t<\/div>\n\t\t\n\t\t<a class=\"elementor-post__read-more\" href=\"https:\/\/www.mayaakademisi.com\/index.php\/2023\/07\/10\/herkul-miti-uzerinden-maya-haritasi-okuma-ornegi\/\" aria-label=\"Read more about HERK\u00dcL M\u0130T\u0130 \u00dcZER\u0130NDEN MAYA HAR\u0130TASI OKUMA \u00d6RNE\u011e\u0130\" tabindex=\"-1\" >\n\t\t\tDevam\u0131n\u0131 Okuyun \u00bb\t\t<\/a>\n\n\t\t\t\t<\/div>\n\t\t\t\t<div class=\"elementor-post__meta-data\">\n\t\t\t\t\t<span class=\"elementor-post-date\">\n\t\t\t10 Temmuz 2023\t\t<\/span>\n\t\t\t\t<span class=\"elementor-post-avatar\">\n\t\t\tYorum yap\u0131lmam\u0131\u015f\t\t<\/span>\n\t\t\t\t<\/div>\n\t\t\t\t\t<\/div>\n\t\t<\/article>\n\t\t\t\t<article class=\"elementor-post elementor-grid-item post-988624 post type-post status-publish format-standard has-post-thumbnail hentry category-genel\" role=\"listitem\">\n\t\t\t<div class=\"elementor-post__card\">\n\t\t\t\t<a class=\"elementor-post__thumbnail__link\" href=\"https:\/\/www.mayaakademisi.com\/index.php\/2023\/07\/10\/mavinin-sesi-ile-maya-takvimi-rehberligi-yilan-donemi\/\" tabindex=\"-1\" ><div class=\"elementor-post__thumbnail\"><img loading=\"lazy\" decoding=\"async\" width=\"300\" height=\"300\" src=\"https:\/\/www.mayaakademisi.com\/wp-content\/uploads\/2023\/07\/WhatsApp-Image-2023-07-10-at-12.23.55-300x300.jpeg\" class=\"attachment-medium size-medium wp-image-988626\" alt=\"YILAN D\u00d6NEM\u0130\" srcset=\"https:\/\/www.mayaakademisi.com\/wp-content\/uploads\/2023\/07\/WhatsApp-Image-2023-07-10-at-12.23.55-300x300.jpeg 300w, https:\/\/www.mayaakademisi.com\/wp-content\/uploads\/2023\/07\/WhatsApp-Image-2023-07-10-at-12.23.55-1024x1024.jpeg 1024w, https:\/\/www.mayaakademisi.com\/wp-content\/uploads\/2023\/07\/WhatsApp-Image-2023-07-10-at-12.23.55-150x150.jpeg 150w, https:\/\/www.mayaakademisi.com\/wp-content\/uploads\/2023\/07\/WhatsApp-Image-2023-07-10-at-12.23.55-768x768.jpeg 768w, https:\/\/www.mayaakademisi.com\/wp-content\/uploads\/2023\/07\/WhatsApp-Image-2023-07-10-at-12.23.55.jpeg 1080w\" sizes=\"(max-width: 300px) 100vw, 300px\" \/><\/div><\/a>\n\t\t\t\t<div class=\"elementor-post__text\">\n\t\t\t\t<h6 class=\"elementor-post__title\">\n\t\t\t<a href=\"https:\/\/www.mayaakademisi.com\/index.php\/2023\/07\/10\/mavinin-sesi-ile-maya-takvimi-rehberligi-yilan-donemi\/\" >\n\t\t\t\tMavi\u2019nin Sesi ile Maya Takvimi Rehberli\u011fi YILAN D\u00d6NEM\u0130\t\t\t<\/a>\n\t\t<\/h6>\n\t\t\t\t<div class=\"elementor-post__excerpt\">\n\t\t\t<p>&#8221;Ancak b\u00fct\u00fcnl\u00fc\u011fe giden do\u011fru yol, maalesef ka\u00e7\u0131n\u0131lmaz dolamba\u00e7lar ve k\u0131vr\u0131mlar ile doludur. Bu yol bir longissima via&#8217;d\u0131r (en uzun yol) ve d\u00fcz de\u011fildir. Kar\u015f\u0131tl\u0131klar\u0131 birle\u015ftiren<\/p>\n\t\t<\/div>\n\t\t\n\t\t<a class=\"elementor-post__read-more\" href=\"https:\/\/www.mayaakademisi.com\/index.php\/2023\/07\/10\/mavinin-sesi-ile-maya-takvimi-rehberligi-yilan-donemi\/\" aria-label=\"Read more about Mavi\u2019nin Sesi ile Maya Takvimi Rehberli\u011fi YILAN D\u00d6NEM\u0130\" tabindex=\"-1\" >\n\t\t\tDevam\u0131n\u0131 Okuyun \u00bb\t\t<\/a>\n\n\t\t\t\t<\/div>\n\t\t\t\t<div class=\"elementor-post__meta-data\">\n\t\t\t\t\t<span class=\"elementor-post-date\">\n\t\t\t10 Temmuz 2023\t\t<\/span>\n\t\t\t\t<span class=\"elementor-post-avatar\">\n\t\t\tYorum yap\u0131lmam\u0131\u015f\t\t<\/span>\n\t\t\t\t<\/div>\n\t\t\t\t\t<\/div>\n\t\t<\/article>\n\t\t\t\t<article class=\"elementor-post elementor-grid-item post-988617 post type-post status-publish format-standard has-post-thumbnail hentry category-genel\" role=\"listitem\">\n\t\t\t<div class=\"elementor-post__card\">\n\t\t\t\t<a class=\"elementor-post__thumbnail__link\" href=\"https:\/\/www.mayaakademisi.com\/index.php\/2023\/07\/10\/mavinin-sesi-ile-maya-takvimi-rehberligi-yol-donemi\/\" tabindex=\"-1\" ><div class=\"elementor-post__thumbnail\"><img loading=\"lazy\" decoding=\"async\" width=\"300\" height=\"300\" src=\"https:\/\/www.mayaakademisi.com\/wp-content\/uploads\/2023\/07\/WhatsApp-Image-2023-07-10-at-12.26.24-300x300.jpeg\" class=\"attachment-medium size-medium wp-image-988619\" alt=\"YOL D\u00d6NEM\u0130\" srcset=\"https:\/\/www.mayaakademisi.com\/wp-content\/uploads\/2023\/07\/WhatsApp-Image-2023-07-10-at-12.26.24-300x300.jpeg 300w, https:\/\/www.mayaakademisi.com\/wp-content\/uploads\/2023\/07\/WhatsApp-Image-2023-07-10-at-12.26.24-1024x1020.jpeg 1024w, https:\/\/www.mayaakademisi.com\/wp-content\/uploads\/2023\/07\/WhatsApp-Image-2023-07-10-at-12.26.24-150x150.jpeg 150w, https:\/\/www.mayaakademisi.com\/wp-content\/uploads\/2023\/07\/WhatsApp-Image-2023-07-10-at-12.26.24-768x765.jpeg 768w, https:\/\/www.mayaakademisi.com\/wp-content\/uploads\/2023\/07\/WhatsApp-Image-2023-07-10-at-12.26.24.jpeg 1290w\" sizes=\"(max-width: 300px) 100vw, 300px\" \/><\/div><\/a>\n\t\t\t\t<div class=\"elementor-post__text\">\n\t\t\t\t<h6 class=\"elementor-post__title\">\n\t\t\t<a href=\"https:\/\/www.mayaakademisi.com\/index.php\/2023\/07\/10\/mavinin-sesi-ile-maya-takvimi-rehberligi-yol-donemi\/\" >\n\t\t\t\tMavi\u2019nin Sesi ile Maya Takvimi Rehberli\u011fi YOL D\u00d6NEM\u0130\t\t\t<\/a>\n\t\t<\/h6>\n\t\t\t\t<div class=\"elementor-post__excerpt\">\n\t\t\t<p>F\u0131rt\u0131na ortal\u0131kta ne kadar k\u00f6kten s\u00f6k\u00fclecek \u015fey varsa g\u00f6r\u00fcn\u00fcr k\u0131l\u0131p, \u015fim\u015fekleri ile ayd\u0131nlatt\u0131ysa Maya Takvimine g\u00f6re ba\u015flayan yeni 13 g\u00fcnl\u00fck d\u00f6nem de \u00a0yeni yola ad\u0131m<\/p>\n\t\t<\/div>\n\t\t\n\t\t<a class=\"elementor-post__read-more\" href=\"https:\/\/www.mayaakademisi.com\/index.php\/2023\/07\/10\/mavinin-sesi-ile-maya-takvimi-rehberligi-yol-donemi\/\" aria-label=\"Read more about Mavi\u2019nin Sesi ile Maya Takvimi Rehberli\u011fi YOL D\u00d6NEM\u0130\" tabindex=\"-1\" >\n\t\t\tDevam\u0131n\u0131 Okuyun \u00bb\t\t<\/a>\n\n\t\t\t\t<\/div>\n\t\t\t\t<div class=\"elementor-post__meta-data\">\n\t\t\t\t\t<span class=\"elementor-post-date\">\n\t\t\t10 Temmuz 2023\t\t<\/span>\n\t\t\t\t<span class=\"elementor-post-avatar\">\n\t\t\tYorum yap\u0131lmam\u0131\u015f\t\t<\/span>\n\t\t\t\t<\/div>\n\t\t\t\t\t<\/div>\n\t\t<\/article>\n\t\t\t\t<\/div>\n\t\t\n\t\t\t\t<div class=\"e-load-more-anchor\" data-page=\"1\" data-max-page=\"3\" data-next-page=\"https:\/\/www.mayaakademisi.com\/index.php\/wp-json\/wp\/v2\/pages\/178\/page\/2\/\"><\/div>\n\t\t\t\t<nav class=\"elementor-pagination\" aria-label=\"Pagination\">\n\t\t\t<span class=\"page-numbers prev\"><\/span>\n<span aria-current=\"page\" class=\"page-numbers current\"><span class=\"elementor-screen-only\">Sayfa<\/span>1<\/span>\n<a class=\"page-numbers\" href=\"https:\/\/www.mayaakademisi.com\/index.php\/wp-json\/wp\/v2\/pages\/178\/page\/2\/\"><span class=\"elementor-screen-only\">Sayfa<\/span>2<\/a>\n<a class=\"page-numbers\" href=\"https:\/\/www.mayaakademisi.com\/index.php\/wp-json\/wp\/v2\/pages\/178\/page\/3\/\"><span class=\"elementor-screen-only\">Sayfa<\/span>3<\/a>\n<a class=\"page-numbers next\" href=\"https:\/\/www.mayaakademisi.com\/index.php\/wp-json\/wp\/v2\/pages\/178\/page\/2\/\"><\/a>\t\t<\/nav>\n\t\t\t\t\t\t<\/div>\n\t\t\t\t<\/div>\n\t\t\t\t\t<\/div>\n\t\t<\/div>\n\t\t\t\t\t<\/div>\n\t\t<\/section>\n\t\t\t\t<\/div>\n\t\t","protected":false},"excerpt":{"rendered":"","protected":false},"author":1,"featured_media":0,"parent":0,"menu_order":0,"comment_status":"closed","ping_status":"closed","template":"","meta":{"footnotes":""},"class_list":["post-178","page","type-page","status-publish","hentry"],"_links":{"self":[{"href":"https:\/\/www.mayaakademisi.com\/index.php\/wp-json\/wp\/v2\/pages\/178","targetHints":{"allow":["GET"]}}],"collection":[{"href":"https:\/\/www.mayaakademisi.com\/index.php\/wp-json\/wp\/v2\/pages"}],"about":[{"href":"https:\/\/www.mayaakademisi.com\/index.php\/wp-json\/wp\/v2\/types\/page"}],"author":[{"embeddable":true,"href":"https:\/\/www.mayaakademisi.com\/index.php\/wp-json\/wp\/v2\/users\/1"}],"replies":[{"embeddable":true,"href":"https:\/\/www.mayaakademisi.com\/index.php\/wp-json\/wp\/v2\/comments?post=178"}],"version-history":[{"count":36,"href":"https:\/\/www.mayaakademisi.com\/index.php\/wp-json\/wp\/v2\/pages\/178\/revisions"}],"predecessor-version":[{"id":988425,"href":"https:\/\/www.mayaakademisi.com\/index.php\/wp-json\/wp\/v2\/pages\/178\/revisions\/988425"}],"wp:attachment":[{"href":"https:\/\/www.mayaakademisi.com\/index.php\/wp-json\/wp\/v2\/media?parent=178"}],"curies":[{"name":"wp","href":"https:\/\/api.w.org\/{rel}","templated":true}]}}