{"id":988552,"date":"2023-06-15T15:51:28","date_gmt":"2023-06-15T12:51:28","guid":{"rendered":"https:\/\/www.mayaakademisi.com\/?page_id=988552"},"modified":"2023-09-16T00:03:39","modified_gmt":"2023-09-15T21:03:39","slug":"agustos","status":"publish","type":"page","link":"https:\/\/www.mayaakademisi.com\/index.php\/agustos\/","title":{"rendered":"A\u011fustos \u00dcyeye \u00d6zel"},"content":{"rendered":"","protected":true},"excerpt":{"rendered":"","protected":true},"author":1,"featured_media":0,"parent":0,"menu_order":0,"comment_status":"closed","ping_status":"closed","template":"","meta":{"footnotes":""},"class_list":["post-988552","page","type-page","status-publish","post-password-required","hentry"],"_links":{"self":[{"href":"https:\/\/www.mayaakademisi.com\/index.php\/wp-json\/wp\/v2\/pages\/988552","targetHints":{"allow":["GET"]}}],"collection":[{"href":"https:\/\/www.mayaakademisi.com\/index.php\/wp-json\/wp\/v2\/pages"}],"about":[{"href":"https:\/\/www.mayaakademisi.com\/index.php\/wp-json\/wp\/v2\/types\/page"}],"author":[{"embeddable":true,"href":"https:\/\/www.mayaakademisi.com\/index.php\/wp-json\/wp\/v2\/users\/1"}],"replies":[{"embeddable":true,"href":"https:\/\/www.mayaakademisi.com\/index.php\/wp-json\/wp\/v2\/comments?post=988552"}],"version-history":[{"count":14,"href":"https:\/\/www.mayaakademisi.com\/index.php\/wp-json\/wp\/v2\/pages\/988552\/revisions"}],"predecessor-version":[{"id":988704,"href":"https:\/\/www.mayaakademisi.com\/index.php\/wp-json\/wp\/v2\/pages\/988552\/revisions\/988704"}],"wp:attachment":[{"href":"https:\/\/www.mayaakademisi.com\/index.php\/wp-json\/wp\/v2\/media?parent=988552"}],"curies":[{"name":"wp","href":"https:\/\/api.w.org\/{rel}","templated":true}]}}