{"id":989143,"date":"2024-12-10T17:22:12","date_gmt":"2024-12-10T14:22:12","guid":{"rendered":"https:\/\/www.mayaakademisi.com\/?page_id=989143"},"modified":"2025-06-15T14:44:51","modified_gmt":"2025-06-15T11:44:51","slug":"mayis-2025-uyeye-ozel","status":"publish","type":"page","link":"https:\/\/www.mayaakademisi.com\/index.php\/mayis-2025-uyeye-ozel\/","title":{"rendered":"May\u0131s 2025 \u00dcyeye \u00d6zel"},"content":{"rendered":"","protected":true},"excerpt":{"rendered":"","protected":true},"author":1,"featured_media":0,"parent":0,"menu_order":0,"comment_status":"closed","ping_status":"closed","template":"","meta":{"footnotes":""},"class_list":["post-989143","page","type-page","status-publish","post-password-required","hentry"],"_links":{"self":[{"href":"https:\/\/www.mayaakademisi.com\/index.php\/wp-json\/wp\/v2\/pages\/989143","targetHints":{"allow":["GET"]}}],"collection":[{"href":"https:\/\/www.mayaakademisi.com\/index.php\/wp-json\/wp\/v2\/pages"}],"about":[{"href":"https:\/\/www.mayaakademisi.com\/index.php\/wp-json\/wp\/v2\/types\/page"}],"author":[{"embeddable":true,"href":"https:\/\/www.mayaakademisi.com\/index.php\/wp-json\/wp\/v2\/users\/1"}],"replies":[{"embeddable":true,"href":"https:\/\/www.mayaakademisi.com\/index.php\/wp-json\/wp\/v2\/comments?post=989143"}],"version-history":[{"count":13,"href":"https:\/\/www.mayaakademisi.com\/index.php\/wp-json\/wp\/v2\/pages\/989143\/revisions"}],"predecessor-version":[{"id":989301,"href":"https:\/\/www.mayaakademisi.com\/index.php\/wp-json\/wp\/v2\/pages\/989143\/revisions\/989301"}],"wp:attachment":[{"href":"https:\/\/www.mayaakademisi.com\/index.php\/wp-json\/wp\/v2\/media?parent=989143"}],"curies":[{"name":"wp","href":"https:\/\/api.w.org\/{rel}","templated":true}]}}