{"id":989285,"date":"2025-05-31T12:02:55","date_gmt":"2025-05-31T09:02:55","guid":{"rendered":"https:\/\/www.mayaakademisi.com\/?page_id=989285"},"modified":"2026-01-14T22:28:44","modified_gmt":"2026-01-14T19:28:44","slug":"aralik-2025-uyeye-ozel","status":"publish","type":"page","link":"https:\/\/www.mayaakademisi.com\/index.php\/aralik-2025-uyeye-ozel\/","title":{"rendered":"Aral\u0131k 2025 \u00dcyeye \u00d6zel"},"content":{"rendered":"","protected":true},"excerpt":{"rendered":"","protected":true},"author":1,"featured_media":0,"parent":0,"menu_order":0,"comment_status":"closed","ping_status":"closed","template":"","meta":{"footnotes":""},"class_list":["post-989285","page","type-page","status-publish","post-password-required","hentry"],"_links":{"self":[{"href":"https:\/\/www.mayaakademisi.com\/index.php\/wp-json\/wp\/v2\/pages\/989285","targetHints":{"allow":["GET"]}}],"collection":[{"href":"https:\/\/www.mayaakademisi.com\/index.php\/wp-json\/wp\/v2\/pages"}],"about":[{"href":"https:\/\/www.mayaakademisi.com\/index.php\/wp-json\/wp\/v2\/types\/page"}],"author":[{"embeddable":true,"href":"https:\/\/www.mayaakademisi.com\/index.php\/wp-json\/wp\/v2\/users\/1"}],"replies":[{"embeddable":true,"href":"https:\/\/www.mayaakademisi.com\/index.php\/wp-json\/wp\/v2\/comments?post=989285"}],"version-history":[{"count":25,"href":"https:\/\/www.mayaakademisi.com\/index.php\/wp-json\/wp\/v2\/pages\/989285\/revisions"}],"predecessor-version":[{"id":989475,"href":"https:\/\/www.mayaakademisi.com\/index.php\/wp-json\/wp\/v2\/pages\/989285\/revisions\/989475"}],"wp:attachment":[{"href":"https:\/\/www.mayaakademisi.com\/index.php\/wp-json\/wp\/v2\/media?parent=989285"}],"curies":[{"name":"wp","href":"https:\/\/api.w.org\/{rel}","templated":true}]}}