{"id":989450,"date":"2026-01-05T20:02:32","date_gmt":"2026-01-05T17:02:32","guid":{"rendered":"https:\/\/www.mayaakademisi.com\/?page_id=989450"},"modified":"2026-01-05T20:02:32","modified_gmt":"2026-01-05T17:02:32","slug":"agustos-2026-uyeye-ozel","status":"publish","type":"page","link":"https:\/\/www.mayaakademisi.com\/index.php\/agustos-2026-uyeye-ozel\/","title":{"rendered":"A\u011fustos 2026 \u00dcyeye \u00d6zel"},"content":{"rendered":"","protected":true},"excerpt":{"rendered":"","protected":true},"author":1,"featured_media":0,"parent":0,"menu_order":0,"comment_status":"closed","ping_status":"closed","template":"","meta":{"footnotes":""},"class_list":["post-989450","page","type-page","status-publish","post-password-required","hentry"],"_links":{"self":[{"href":"https:\/\/www.mayaakademisi.com\/index.php\/wp-json\/wp\/v2\/pages\/989450","targetHints":{"allow":["GET"]}}],"collection":[{"href":"https:\/\/www.mayaakademisi.com\/index.php\/wp-json\/wp\/v2\/pages"}],"about":[{"href":"https:\/\/www.mayaakademisi.com\/index.php\/wp-json\/wp\/v2\/types\/page"}],"author":[{"embeddable":true,"href":"https:\/\/www.mayaakademisi.com\/index.php\/wp-json\/wp\/v2\/users\/1"}],"replies":[{"embeddable":true,"href":"https:\/\/www.mayaakademisi.com\/index.php\/wp-json\/wp\/v2\/comments?post=989450"}],"version-history":[{"count":1,"href":"https:\/\/www.mayaakademisi.com\/index.php\/wp-json\/wp\/v2\/pages\/989450\/revisions"}],"predecessor-version":[{"id":989451,"href":"https:\/\/www.mayaakademisi.com\/index.php\/wp-json\/wp\/v2\/pages\/989450\/revisions\/989451"}],"wp:attachment":[{"href":"https:\/\/www.mayaakademisi.com\/index.php\/wp-json\/wp\/v2\/media?parent=989450"}],"curies":[{"name":"wp","href":"https:\/\/api.w.org\/{rel}","templated":true}]}}